{"id":11062,"date":"2021-06-30T21:26:06","date_gmt":"2021-06-30T19:26:06","guid":{"rendered":"https:\/\/bighornnorge.flywheelstaging.com\/cookies\/"},"modified":"2025-02-14T16:14:58","modified_gmt":"2025-02-14T15:14:58","slug":"cookies","status":"publish","type":"page","link":"https:\/\/bighorn.no\/en\/cookies\/","title":{"rendered":"Cookies"},"content":{"rendered":"\r\n<h1>\r\n\t\tCookies\r\n\t<\/h1>\r\n\t<p>Loven om elektronisk kommunikasjon krever at Big Horn Steakhouse informerer brukere av nettsiden om sine bruk av cookies.<\/p>\r\n<h2>\r\n\t\tInformasjonskapsler\r\n\t<\/h2>\r\n\t<p>Big Horn Steakhouse benytter seg av<a href=\"https:\/\/www.nkom.no\/teknisk\/internett\/cookies\/informasjonskapsler-cookies\" target=\"_blank\" rel=\"noopener\"> informasjonskapsler<\/a>, ogs\u00e5 kalt cookies. Ved \u00e5 bruke nettsiden v\u00e5r, bighorn.no, samtykker du i at vi kan sette disse i din nettleser.<\/p>\r\n<p>Cookies er en standard Internett-teknologi som de aller fleste nettsteder benytter. En cookie legges i din nettlesers internminne, som gj\u00f8r at vi bedre kan forst\u00e5 hvordan du bruker nettstedet. P\u00e5 sikt bruker vi denne kunnskapen for \u00e5 tilby deg en bedre opplevelse neste gang du bes\u00f8ker nettsiden.<\/p>\r\n<p>Ved f\u00f8rstegangsbes\u00f8k blir du spurt om \u00e5 akseptere bruk av cookies. Du kan da ogs\u00e5 velge hvilken type cookies du tillater at vi plasserer. I tillegg kan du til enhver tid oppdatere ditt cookie-samtykke fra ikonet nederst i venstre hj\u00f8rne.<\/p>\r\n<p>Om du ikke \u00f8nsker \u00e5 akseptere cookies m\u00e5 du selv velge \u00e5 endre innstillingene i din nettleser. Merk at denne innstillingen kan f\u00f8re til at mange nettsteder ikke vil fungere optimalt.<\/p>\r\n<h3>\r\n\t\tF\u00f8lgende informasjonskapsler brukes p\u00e5 dette nettstedet\r\n\t<\/h3>\r\n\t<p>\u2022 _ga, _gat og _gid er knyttet til Google Analytics, som vi benytter for \u00e5 innhente bes\u00f8ksstatistikk, f.eks. hvor bes\u00f8kende kommer fra, hvilke sider som bes\u00f8kes og hvor lang tid bes\u00f8ket varer. Disse slettes etter 14 m\u00e5neder. Anonymiseringsfunksjonen i Google Analytics er sl\u00e5tt p\u00e5. Det inneb\u00e6rer at IP-adresser lagres anonymt, og at vi bare f\u00e5r anonymiserte statistikker.<\/p>\r\n<h3>\r\n\t\tDeaktivering og sletting av informasjonskapsler\r\n\t<\/h3>\r\n\t<p>Du kan slette alle informasjonskapsler i nettleseren din etter \u00e5 ha bes\u00f8kt nettstedet. Du kan ogs\u00e5 deaktivere bruk av informasjonskapsler i nettleseren din.\u202fP\u00e5 nettvett kan du lese om hvordan det kan gj\u00f8res.<\/p>\r\n\r\n","protected":false},"excerpt":{"rendered":"<p>Cookies Loven om elektronisk kommunikasjon krever at Big Horn Steakhouse informerer brukere av nettsiden om sine bruk av cookies. Informasjonskapsler Big Horn Steakhouse benytter seg av informasjonskapsler, ogs\u00e5 kalt cookies. Ved \u00e5 bruke nettsiden v\u00e5r, bighorn.no, samtykker du i at vi kan sette disse i din nettleser. Cookies er en standard Internett-teknologi som de aller&hellip;<\/p>\n","protected":false},"author":3,"featured_media":10827,"parent":0,"menu_order":0,"comment_status":"closed","ping_status":"closed","template":"","meta":{"inline_featured_image":false,"footnotes":""},"class_list":["post-11062","page","type-page","status-publish","has-post-thumbnail","hentry"],"acf":[],"publishpress_future_action":{"enabled":false,"date":"2026-04-19 12:54:47","action":"change-status","newStatus":"draft","terms":[],"taxonomy":"translation_priority","extraData":[]},"publishpress_future_workflow_manual_trigger":{"enabledWorkflows":[]},"_links":{"self":[{"href":"https:\/\/bighorn.no\/en\/wp-json\/wp\/v2\/pages\/11062","targetHints":{"allow":["GET"]}}],"collection":[{"href":"https:\/\/bighorn.no\/en\/wp-json\/wp\/v2\/pages"}],"about":[{"href":"https:\/\/bighorn.no\/en\/wp-json\/wp\/v2\/types\/page"}],"author":[{"embeddable":true,"href":"https:\/\/bighorn.no\/en\/wp-json\/wp\/v2\/users\/3"}],"replies":[{"embeddable":true,"href":"https:\/\/bighorn.no\/en\/wp-json\/wp\/v2\/comments?post=11062"}],"version-history":[{"count":0,"href":"https:\/\/bighorn.no\/en\/wp-json\/wp\/v2\/pages\/11062\/revisions"}],"wp:featuredmedia":[{"embeddable":true,"href":"https:\/\/bighorn.no\/en\/wp-json\/wp\/v2\/media\/10827"}],"wp:attachment":[{"href":"https:\/\/bighorn.no\/en\/wp-json\/wp\/v2\/media?parent=11062"}],"curies":[{"name":"wp","href":"https:\/\/api.w.org\/{rel}","templated":true}]}}